{"id":18,"date":"2025-09-19T06:24:58","date_gmt":"2025-09-19T06:24:58","guid":{"rendered":"https:\/\/vysniukas.zagaresgimnazija.lt\/?page_id=18"},"modified":"2026-01-22T09:22:38","modified_gmt":"2026-01-22T09:22:38","slug":"kontaktai","status":"publish","type":"page","link":"https:\/\/vysniukas.zagaresgimnazija.lt\/index.php\/kontaktai\/","title":{"rendered":"Kontaktai"},"content":{"rendered":"<ul>\n<li><a href=\"https:\/\/vysniukas.zagaresgimnazija.lt\/wp-content\/uploads\/2026\/01\/Zagares-gimnazijos-ikimokyklinio-ugdymo-skyriaus-mokytojai.pdf\">JONI\u0160KIO R. \u017dAGAR\u0116S GIMNAZIJOS IKIMOKYKLINIO UGDYMO SKYRIAUS MOKYTOJAI<\/a><\/li>\n<li><a href=\"https:\/\/vysniukas.zagaresgimnazija.lt\/wp-content\/uploads\/2026\/01\/Zagares-IUS-darbo-grafikas-nuo-2026-01-05.pdf\">JONI\u0160KIO R. \u017dAGAR\u0116S GIMNAZIJOS IKIMOKYKLINIO UGDYMO SKYRIAUS DARBO GRAFIKAS NUO 2026-01-05<\/a><\/li>\n<\/ul>\n<p><strong>ADMINISTRACIJOS KONTAKTAI<\/strong><\/p>\n<ul>\n<li><strong>Direktorius<\/strong><\/li>\n<\/ul>\n<p><em>Edita Aukselien\u0117<\/em>, <em>tel.<\/em> <strong>+370 426 60 872<\/strong>, <em>mob<\/em>. <strong>+370 610 07 011<\/strong><\/p>\n<p>el. pa\u0161tas <a href=\"mailto:zagaresgimnazija@gmail.com\">zagaresgimnazija@gmail.com<\/a><\/p>\n<ul>\n<li><strong>Direktoriaus pavaduotoja ugdymui<\/strong><\/li>\n<\/ul>\n<p><em>Rita Milen\u010dien\u0117,\u00a0<\/em>\u00a0<em>tel<\/em>. <strong>+370 426 60 874<\/strong><\/p>\n<p>el. pa\u0161tas <a href=\"mailto:zgpavaduotoja@gmail.com\">zgpavaduotoja@gmail.com<\/a><\/p>\n<ul>\n<li><strong>Ra\u0161tved\u0117<\/strong><\/li>\n<\/ul>\n<p><em>Laimut\u0117 Valantinien\u0117,\u00a0<\/em>\u00a0tel. <strong>+370 426 60 873<\/strong><\/p>\n<p>el. pa\u0161tas <a href=\"mailto:zagaresgimnazija@gmail.com\">zagaresgimnazija@gmail.com<\/a><\/p>\n<p>&nbsp;<\/p>\n<p><em>Mums galite para\u0161yti<\/em>:\u00a0<a href=\"mailto:zagaresgimnazija@gmail.com\"><strong>zagaresgimnazija@gmail.com<\/strong><\/a> <em>arba paskambinti <\/em><\/p>\n<p><em>tel<\/em><strong>. + 370 426 60 873<\/strong><\/p>\n<p>&nbsp;<\/p>\n<p><strong>\u012estaigos darbo laikas <\/strong><\/p>\n<p><em>Darbo dienomis<\/em> \u00a0<em>nuo 7.30 val. iki 18.00 val<\/em>.<\/p>\n","protected":false},"excerpt":{"rendered":"<p>JONI\u0160KIO R. \u017dAGAR\u0116S GIMNAZIJOS IKIMOKYKLINIO UGDYMO SKYRIAUS MOKYTOJAI JONI\u0160KIO R. \u017dAGAR\u0116S GIMNAZIJOS IKIMOKYKLINIO UGDYMO SKYRIAUS DARBO GRAFIKAS NUO 2026-01-05 ADMINISTRACIJOS KONTAKTAI Direktorius Edita Aukselien\u0117, tel. +370 426 60 872, mob. +370 610 07 011 el. pa\u0161tas zagaresgimnazija@gmail.com Direktoriaus pavaduotoja ugdymui <a href=\"https:\/\/vysniukas.zagaresgimnazija.lt\/index.php\/kontaktai\/\" class=\"read-more\">I\u0161samiau &#8230;<\/a><\/p>\n","protected":false},"author":1,"featured_media":0,"parent":0,"menu_order":0,"comment_status":"closed","ping_status":"closed","template":"","meta":{"footnotes":""},"class_list":["post-18","page","type-page","status-publish","hentry"],"_links":{"self":[{"href":"https:\/\/vysniukas.zagaresgimnazija.lt\/index.php\/wp-json\/wp\/v2\/pages\/18","targetHints":{"allow":["GET"]}}],"collection":[{"href":"https:\/\/vysniukas.zagaresgimnazija.lt\/index.php\/wp-json\/wp\/v2\/pages"}],"about":[{"href":"https:\/\/vysniukas.zagaresgimnazija.lt\/index.php\/wp-json\/wp\/v2\/types\/page"}],"author":[{"embeddable":true,"href":"https:\/\/vysniukas.zagaresgimnazija.lt\/index.php\/wp-json\/wp\/v2\/users\/1"}],"replies":[{"embeddable":true,"href":"https:\/\/vysniukas.zagaresgimnazija.lt\/index.php\/wp-json\/wp\/v2\/comments?post=18"}],"version-history":[{"count":9,"href":"https:\/\/vysniukas.zagaresgimnazija.lt\/index.php\/wp-json\/wp\/v2\/pages\/18\/revisions"}],"predecessor-version":[{"id":184,"href":"https:\/\/vysniukas.zagaresgimnazija.lt\/index.php\/wp-json\/wp\/v2\/pages\/18\/revisions\/184"}],"wp:attachment":[{"href":"https:\/\/vysniukas.zagaresgimnazija.lt\/index.php\/wp-json\/wp\/v2\/media?parent=18"}],"curies":[{"name":"wp","href":"https:\/\/api.w.org\/{rel}","templated":true}]}}