{"id":14,"date":"2025-09-19T06:24:15","date_gmt":"2025-09-19T06:24:15","guid":{"rendered":"https:\/\/vysniukas.zagaresgimnazija.lt\/?page_id=14"},"modified":"2026-01-22T08:50:26","modified_gmt":"2026-01-22T08:50:26","slug":"dokumentai","status":"publish","type":"page","link":"https:\/\/vysniukas.zagaresgimnazija.lt\/index.php\/dokumentai\/","title":{"rendered":"Dokumentai"},"content":{"rendered":"<ul>\n<li><a href=\"https:\/\/vysniukas.zagaresgimnazija.lt\/wp-content\/uploads\/2026\/01\/Priesmokyklinio-ugdymo-programa-.pdf\">JONI\u0160KIO R. \u017dAGAR\u0116S GIMNAZIJOS IKIMOKYKLINIO UGDYMO SKYRIAUS BENDROJI PRIE\u0160MOKYKLINIO UGDYMO PROGRAMA<\/a><\/li>\n<li><a href=\"https:\/\/vysniukas.zagaresgimnazija.lt\/wp-content\/uploads\/2026\/01\/M-232-Zagares-gimnazijos-ikimokyklinio-ugdymo-skyriaus-programa-1.pdf\">JONI\u0160KIO R. \u017dAGAR\u0116S GIMNAZIJOS IKIMOKYKLINIO UGDYMO SKYRIAUS IKIMOKYKLINIO UGDYMO PROGRAMA<\/a><\/li>\n<\/ul>\n<p>&nbsp;<\/p>\n","protected":false},"excerpt":{"rendered":"<p>JONI\u0160KIO R. \u017dAGAR\u0116S GIMNAZIJOS IKIMOKYKLINIO UGDYMO SKYRIAUS BENDROJI PRIE\u0160MOKYKLINIO UGDYMO PROGRAMA JONI\u0160KIO R. \u017dAGAR\u0116S GIMNAZIJOS IKIMOKYKLINIO UGDYMO SKYRIAUS IKIMOKYKLINIO UGDYMO PROGRAMA &nbsp;<\/p>\n","protected":false},"author":1,"featured_media":0,"parent":0,"menu_order":0,"comment_status":"closed","ping_status":"closed","template":"","meta":{"footnotes":""},"class_list":["post-14","page","type-page","status-publish","hentry"],"_links":{"self":[{"href":"https:\/\/vysniukas.zagaresgimnazija.lt\/index.php\/wp-json\/wp\/v2\/pages\/14","targetHints":{"allow":["GET"]}}],"collection":[{"href":"https:\/\/vysniukas.zagaresgimnazija.lt\/index.php\/wp-json\/wp\/v2\/pages"}],"about":[{"href":"https:\/\/vysniukas.zagaresgimnazija.lt\/index.php\/wp-json\/wp\/v2\/types\/page"}],"author":[{"embeddable":true,"href":"https:\/\/vysniukas.zagaresgimnazija.lt\/index.php\/wp-json\/wp\/v2\/users\/1"}],"replies":[{"embeddable":true,"href":"https:\/\/vysniukas.zagaresgimnazija.lt\/index.php\/wp-json\/wp\/v2\/comments?post=14"}],"version-history":[{"count":7,"href":"https:\/\/vysniukas.zagaresgimnazija.lt\/index.php\/wp-json\/wp\/v2\/pages\/14\/revisions"}],"predecessor-version":[{"id":82,"href":"https:\/\/vysniukas.zagaresgimnazija.lt\/index.php\/wp-json\/wp\/v2\/pages\/14\/revisions\/82"}],"wp:attachment":[{"href":"https:\/\/vysniukas.zagaresgimnazija.lt\/index.php\/wp-json\/wp\/v2\/media?parent=14"}],"curies":[{"name":"wp","href":"https:\/\/api.w.org\/{rel}","templated":true}]}}