{"id":12,"date":"2025-09-19T06:23:50","date_gmt":"2025-09-19T06:23:50","guid":{"rendered":"https:\/\/vysniukas.zagaresgimnazija.lt\/?page_id=12"},"modified":"2026-01-22T09:13:19","modified_gmt":"2026-01-22T09:13:19","slug":"veikla","status":"publish","type":"page","link":"https:\/\/vysniukas.zagaresgimnazija.lt\/index.php\/veikla\/","title":{"rendered":"Veikla"},"content":{"rendered":"<ul>\n<li><a href=\"https:\/\/vysniukas.zagaresgimnazija.lt\/wp-content\/uploads\/2026\/01\/Papildomu-uzsiemimu-tvarkarastis-2025.pdf\">JONI\u0160KIO R. \u017dAGAR\u0116S GIMNAZIJOS IKIMOKYKLINIO UGDYMO SKYRIAUS PAPILDOM\u0172 U\u017dSI\u0116MIM\u0172 TVARKARA\u0160TIS <\/a><\/li>\n<li><a href=\"https:\/\/vysniukas.zagaresgimnazija.lt\/wp-content\/uploads\/2026\/01\/2026-m.-renginiu-tvarkarastis.pdf\">JONI\u0160KIO R. \u017dAGAR\u0116S GIMNAZIJOS IKIMOKYKLINIO UGDYMO SKYRIAUS 2026 MET\u0172 RENGINI\u0172 TVARKARA\u0160TIS<\/a><\/li>\n<\/ul>\n","protected":false},"excerpt":{"rendered":"<p>JONI\u0160KIO R. \u017dAGAR\u0116S GIMNAZIJOS IKIMOKYKLINIO UGDYMO SKYRIAUS PAPILDOM\u0172 U\u017dSI\u0116MIM\u0172 TVARKARA\u0160TIS JONI\u0160KIO R. \u017dAGAR\u0116S GIMNAZIJOS IKIMOKYKLINIO UGDYMO SKYRIAUS 2026 MET\u0172 RENGINI\u0172 TVARKARA\u0160TIS<\/p>\n","protected":false},"author":1,"featured_media":0,"parent":0,"menu_order":0,"comment_status":"closed","ping_status":"closed","template":"","meta":{"footnotes":""},"class_list":["post-12","page","type-page","status-publish","hentry"],"_links":{"self":[{"href":"https:\/\/vysniukas.zagaresgimnazija.lt\/index.php\/wp-json\/wp\/v2\/pages\/12","targetHints":{"allow":["GET"]}}],"collection":[{"href":"https:\/\/vysniukas.zagaresgimnazija.lt\/index.php\/wp-json\/wp\/v2\/pages"}],"about":[{"href":"https:\/\/vysniukas.zagaresgimnazija.lt\/index.php\/wp-json\/wp\/v2\/types\/page"}],"author":[{"embeddable":true,"href":"https:\/\/vysniukas.zagaresgimnazija.lt\/index.php\/wp-json\/wp\/v2\/users\/1"}],"replies":[{"embeddable":true,"href":"https:\/\/vysniukas.zagaresgimnazija.lt\/index.php\/wp-json\/wp\/v2\/comments?post=12"}],"version-history":[{"count":10,"href":"https:\/\/vysniukas.zagaresgimnazija.lt\/index.php\/wp-json\/wp\/v2\/pages\/12\/revisions"}],"predecessor-version":[{"id":183,"href":"https:\/\/vysniukas.zagaresgimnazija.lt\/index.php\/wp-json\/wp\/v2\/pages\/12\/revisions\/183"}],"wp:attachment":[{"href":"https:\/\/vysniukas.zagaresgimnazija.lt\/index.php\/wp-json\/wp\/v2\/media?parent=12"}],"curies":[{"name":"wp","href":"https:\/\/api.w.org\/{rel}","templated":true}]}}